{"id":568,"date":"2023-12-14T18:52:23","date_gmt":"2023-12-14T17:52:23","guid":{"rendered":"https:\/\/rapidpuigcerda.com\/?page_id=568"},"modified":"2023-12-14T18:53:35","modified_gmt":"2023-12-14T17:53:35","slug":"politica-cookies","status":"publish","type":"page","link":"https:\/\/rapidpuigcerda.com\/fr\/politica-cookies\/","title":{"rendered":"Politique de cookies"},"content":{"rendered":"<div data-elementor-type=\"wp-page\" data-elementor-id=\"568\" class=\"elementor elementor-568\" data-elementor-post-type=\"page\">\n\t\t\t\t\t\t\t\t\t<section class=\"elementor-section elementor-top-section elementor-element elementor-element-7fad2d7 elementor-section-boxed elementor-section-height-default elementor-section-height-default\" data-id=\"7fad2d7\" data-element_type=\"section\">\n\t\t\t\t\t\t<div class=\"elementor-container elementor-column-gap-default\">\n\t\t\t\t\t<div class=\"elementor-column elementor-col-100 elementor-top-column elementor-element elementor-element-0688139\" data-id=\"0688139\" data-element_type=\"column\">\n\t\t\t<div class=\"elementor-widget-wrap elementor-element-populated\">\n\t\t\t\t\t\t\t\t<div class=\"elementor-element elementor-element-7ec892e elementor-widget elementor-widget-text-editor\" data-id=\"7ec892e\" data-element_type=\"widget\" data-widget_type=\"text-editor.default\">\n\t\t\t\t<div class=\"elementor-widget-container\">\n\t\t\t<style>\/*! elementor - v3.18.0 - 20-12-2023 *\/\n.elementor-widget-text-editor.elementor-drop-cap-view-stacked .elementor-drop-cap{background-color:#69727d;color:#fff}.elementor-widget-text-editor.elementor-drop-cap-view-framed .elementor-drop-cap{color:#69727d;border:3px solid;background-color:transparent}.elementor-widget-text-editor:not(.elementor-drop-cap-view-default) .elementor-drop-cap{margin-top:8px}.elementor-widget-text-editor:not(.elementor-drop-cap-view-default) .elementor-drop-cap-letter{width:1em;height:1em}.elementor-widget-text-editor .elementor-drop-cap{float:left;text-align:center;line-height:1;font-size:50px}.elementor-widget-text-editor .elementor-drop-cap-letter{display:inline-block}<\/style>\t\t\t\t<div class=\"seccio-titol\"><div class=\"container\"><div class=\"row\"><div class=\"col-12\"><h1 class=\"nom\"><strong>Pol\u00edtica de galetes<\/strong><\/h1><\/div><\/div><\/div><\/div><div class=\"container\"><div class=\"row\"><div class=\"col-12 margin-bottom-120\"><div><strong>Politique de cookies<\/strong><br \/><br \/><strong>Que sont les cookies ?<\/strong><br \/><br \/>Les cookies sont de petits fichiers de donn\u00e9es re\u00e7us sur le terminal par le site Web visit\u00e9 et utilis\u00e9s pour enregistrer certaines interactions lors de la navigation sur un site Web, en stockant des donn\u00e9es qui peuvent \u00eatre mises \u00e0 jour et r\u00e9cup\u00e9r\u00e9es. Ces fichiers sont enregistr\u00e9s sur l'ordinateur de l'utilisateur et contiennent des donn\u00e9es anonymes qui ne nuisent pas \u00e0 son ordinateur. Ils sont utilis\u00e9s pour m\u00e9moriser les pr\u00e9f\u00e9rences de l'utilisateur, telles que la langue s\u00e9lectionn\u00e9e, les donn\u00e9es d'acc\u00e8s ou la personnalisation des pages.<br \/><br \/>Les cookies peuvent \u00e9galement \u00eatre utilis\u00e9s pour enregistrer des informations anonymes sur la mani\u00e8re dont un visiteur utilise un site. Par exemple, \u00e0 partir de quelle page Web il a \u00e9t\u00e9 consult\u00e9 ou si une banni\u00e8re publicitaire a \u00e9t\u00e9 utilis\u00e9e pour y acc\u00e9der.<br \/><br \/><strong>Pourquoi utilisons-nous des cookies?<\/strong><br \/><br \/>Ce site utilise des cookies strictement n\u00e9cessaires et indispensables \u00e0 votre utilisation de notre site et vous permettent de vous d\u00e9placer librement, d'utiliser des espaces s\u00e9curis\u00e9s, des options personnalis\u00e9es,... Nous utilisons \u00e9galement des cookies pour collecter des donn\u00e9es li\u00e9es \u00e0 l'analyse de l'utilisation du site. Ceux-ci sont utilis\u00e9s pour contribuer \u00e0 am\u00e9liorer le service client, en mesurant l\u2019utilisation et les performances de la page afin de l\u2019optimiser et de la personnaliser.<br \/><br \/>Notre site Internet peut \u00e9galement contenir des liens vers des r\u00e9seaux sociaux (tels que Facebook ou Twitter). Nous ne contr\u00f4lons pas les cookies utilis\u00e9s par ces sites Web externes. Pour plus d'informations sur les cookies des r\u00e9seaux sociaux ou d'autres sites Web, nous vous recommandons de consulter leurs propres politiques en mati\u00e8re de cookies.<br \/><br \/><strong>Quelle utilisation donnons-nous aux diff\u00e9rents types de Cookies?<\/strong><br \/><br \/>Cookies techniques: sont ceux essentiels et strictement n\u00e9cessaires au bon fonctionnement d'un portail Web et \u00e0 l'utilisation des diff\u00e9rentes options et services qu'il propose.<br \/><br \/>Cookies de personnalisation: permettent \u00e0 l'utilisateur de pr\u00e9ciser ou de personnaliser certaines caract\u00e9ristiques des options g\u00e9n\u00e9rales du site Internet.<br \/><br \/>Cookies analytiques: nous les utilisons pour cr\u00e9er des profils de navigation et pouvoir conna\u00eetre les pr\u00e9f\u00e9rences des utilisateurs afin d'am\u00e9liorer l'offre de produits et services.<br \/><br \/>Cookies publicitaires: permettent de stocker des informations comportementales en observant les habitudes, en \u00e9tudiant les acc\u00e8s et en cr\u00e9ant un profil de pr\u00e9f\u00e9rence d'utilisateur pour proposer des publicit\u00e9s li\u00e9es \u00e0 ses int\u00e9r\u00eats.<br \/><br \/>Selon le terme, ces Cookies peuvent \u00eatre d\u00e9finis comme:<br \/><br \/>Cookies de session: ce sont ceux qui durent aussi longtemps que l'utilisateur navigue sur le site Web et sont supprim\u00e9s lorsque l'utilisateur a termin\u00e9.<br \/><br \/>Cookies permanents: ce sont ceux qui sont stock\u00e9s sur le terminal de l'utilisateur pendant une p\u00e9riode plus longue, permettant de mieux contr\u00f4ler les pr\u00e9f\u00e9rences choisies sans avoir \u00e0 r\u00e9p\u00e9ter certains param\u00e8tres \u00e0 chaque visite du site Internet.<br \/><br \/><strong>Que faire si je ne souhaite pas avoir ces cookies ou ne rien faire ?<\/strong><br \/><br \/>Pour respecter la l\u00e9gislation en vigueur, nous devons vous demander votre autorisation pour g\u00e9rer les cookies. Si vous d\u00e9cidez de ne pas autoriser le traitement en indiquant votre non-conformit\u00e9, nous utiliserons uniquement des Cookies techniques, car ils sont indispensables \u00e0 la navigation sur notre site Internet. Dans ce cas, nous n'enregistrons aucun cookie. Poursuivre la navigation sur le site sans refuser l'autorisation implique que vous en acceptiez l'utilisation.<br \/><br \/>Vous devez garder \u00e0 l'esprit que si vous rejetez ou supprimez les cookies de navigation Web, nous ne pourrons pas conserver vos pr\u00e9f\u00e9rences, certaines fonctionnalit\u00e9s de la page ne seront pas op\u00e9rationnelles, nous ne pourrons pas offrir de services personnalis\u00e9s et \u00e0 chaque fois que vous devrez parcourir le web, nous devrons revenir pour demander l\u2019autorisation pour l\u2019utilisation de cookies.<br \/><br \/>Si vous d\u00e9cidez n\u00e9anmoins de modifier la configuration de votre acc\u00e8s au site Internet, sachez qu'il est possible \u00e0 tout moment de supprimer les cookies ou d'emp\u00eacher l'enregistrement de ces informations sur votre ordinateur en modifiant les param\u00e8tres correspondants selon le navigateur:<br \/><br \/>Internet explorer &#8211;\u00a0<a href=\"http:\/\/windows.microsoft.com\/es-es\/windows-vista\/block-or-allow-cookies\" target=\"_blank\" rel=\"noopener\">windows.microsoft.com\/es-es\/windows-vista\/block-or-allow-cookies<\/a><br \/>Firefox &#8211;\u00a0<a href=\"http:\/\/support.mozilla.org\/es\/kb\/habilitar-y-deshabilitar-cookies-que-los-sitios-we\" target=\"_blank\" rel=\"noopener\">support.mozilla.org\/es\/kb\/habilitar-y-deshabilitar-cookies-que-los-sitios-we<\/a><br \/>Google Chrome &#8211;\u00a0<a href=\"http:\/\/support.google.com\/chrome\/bin\/answer.py?hl=es&amp;answer=95647\" target=\"_blank\" rel=\"noopener\">support.google.com\/chrome\/bin\/answer.py?hl=es&amp;answer=95647<\/a><br \/>Safari &#8211;\u00a0<a href=\"http:\/\/support.apple.com\/kb\/HT1677?viewlocale=es_ES&amp;locale=es_ES\" target=\"_blank\" rel=\"noopener\">support.apple.com\/kb\/HT1677?viewlocale=es_ES&amp;locale=es_ES<\/a><\/div><\/div><\/div><\/div>\t\t\t\t\t\t<\/div>\n\t\t\t\t<\/div>\n\t\t\t\t\t<\/div>\n\t\t<\/div>\n\t\t\t\t\t\t\t<\/div>\n\t\t<\/section>\n\t\t\t\t\t\t\t<\/div>","protected":false},"excerpt":{"rendered":"<p>Pol\u00edtica de cookies Pol\u00edtica de Cookies \u00bfQu\u00e9 son las cookies? Las cookies son peque\u00f1os archivos de datos que se reciben en el terminal desde el sitio web visitado y se utilizan para registrar algunas interacciones de la navegaci\u00f3n de un sitio web almacenando datos que podr\u00e1n ser actualizados y recuperados. Estos archivos se guardan en [&hellip;]<\/p>","protected":false},"author":1,"featured_media":0,"parent":0,"menu_order":0,"comment_status":"closed","ping_status":"closed","template":"","meta":{"footnotes":""},"class_list":["post-568","page","type-page","status-publish","hentry"],"aioseo_notices":[],"_links":{"self":[{"href":"https:\/\/rapidpuigcerda.com\/fr\/wp-json\/wp\/v2\/pages\/568","targetHints":{"allow":["GET"]}}],"collection":[{"href":"https:\/\/rapidpuigcerda.com\/fr\/wp-json\/wp\/v2\/pages"}],"about":[{"href":"https:\/\/rapidpuigcerda.com\/fr\/wp-json\/wp\/v2\/types\/page"}],"author":[{"embeddable":true,"href":"https:\/\/rapidpuigcerda.com\/fr\/wp-json\/wp\/v2\/users\/1"}],"replies":[{"embeddable":true,"href":"https:\/\/rapidpuigcerda.com\/fr\/wp-json\/wp\/v2\/comments?post=568"}],"version-history":[{"count":4,"href":"https:\/\/rapidpuigcerda.com\/fr\/wp-json\/wp\/v2\/pages\/568\/revisions"}],"predecessor-version":[{"id":572,"href":"https:\/\/rapidpuigcerda.com\/fr\/wp-json\/wp\/v2\/pages\/568\/revisions\/572"}],"wp:attachment":[{"href":"https:\/\/rapidpuigcerda.com\/fr\/wp-json\/wp\/v2\/media?parent=568"}],"curies":[{"name":"wp","href":"https:\/\/api.w.org\/{rel}","templated":true}]}}