{"id":3,"date":"2023-12-13T17:32:47","date_gmt":"2023-12-13T16:32:47","guid":{"rendered":"https:\/\/rapidpuigcerda.com\/?page_id=3"},"modified":"2023-12-14T18:51:08","modified_gmt":"2023-12-14T17:51:08","slug":"politica-privacidad","status":"publish","type":"page","link":"https:\/\/rapidpuigcerda.com\/fr\/politica-privacidad\/","title":{"rendered":"Avis juridique"},"content":{"rendered":"<div data-elementor-type=\"wp-page\" data-elementor-id=\"3\" class=\"elementor elementor-3\" data-elementor-post-type=\"page\">\n\t\t\t\t\t\t\t\t\t<section class=\"elementor-section elementor-top-section elementor-element elementor-element-7fad2d7 elementor-section-boxed elementor-section-height-default elementor-section-height-default\" data-id=\"7fad2d7\" data-element_type=\"section\">\n\t\t\t\t\t\t<div class=\"elementor-container elementor-column-gap-default\">\n\t\t\t\t\t<div class=\"elementor-column elementor-col-100 elementor-top-column elementor-element elementor-element-0688139\" data-id=\"0688139\" data-element_type=\"column\">\n\t\t\t<div class=\"elementor-widget-wrap elementor-element-populated\">\n\t\t\t\t\t\t\t\t<div class=\"elementor-element elementor-element-7ec892e elementor-widget elementor-widget-text-editor\" data-id=\"7ec892e\" data-element_type=\"widget\" data-widget_type=\"text-editor.default\">\n\t\t\t\t<div class=\"elementor-widget-container\">\n\t\t\t<style>\/*! elementor - v3.18.0 - 20-12-2023 *\/\n.elementor-widget-text-editor.elementor-drop-cap-view-stacked .elementor-drop-cap{background-color:#69727d;color:#fff}.elementor-widget-text-editor.elementor-drop-cap-view-framed .elementor-drop-cap{color:#69727d;border:3px solid;background-color:transparent}.elementor-widget-text-editor:not(.elementor-drop-cap-view-default) .elementor-drop-cap{margin-top:8px}.elementor-widget-text-editor:not(.elementor-drop-cap-view-default) .elementor-drop-cap-letter{width:1em;height:1em}.elementor-widget-text-editor .elementor-drop-cap{float:left;text-align:center;line-height:1;font-size:50px}.elementor-widget-text-editor .elementor-drop-cap-letter{display:inline-block}<\/style>\t\t\t\t<div class=\"seccio-titol\"><div class=\"container\"><div class=\"row\"><div class=\"col-12\"><h1 class=\"nom\"><strong>Avis juridique<\/strong><\/h1><\/div><\/div><\/div><\/div><div class=\"container\"><div class=\"row\"><div class=\"col-12 margin-bottom-120\"><div><p>Cette politique de confidentialit\u00e9 \u00e9tablit les conditions dans lesquelles il utilise et prot\u00e8ge les informations fournies par ses utilisateurs lors de l'utilisation de son site Web. Cette soci\u00e9t\u00e9 s'engage sur la s\u00e9curit\u00e9 des donn\u00e9es de ses utilisateurs. Lorsque nous vous demandons de remplir des champs d'informations personnelles avec lesquelles vous pouvez \u00eatre identifi\u00e9, nous le faisons en nous assurant qu'elles ne seront utilis\u00e9es que conform\u00e9ment aux termes de ce document. Cependant, cette politique de confidentialit\u00e9 peut changer au fil du temps ou \u00eatre mise \u00e0 jour, c'est pourquoi nous vous recommandons et soulignons que vous consultiez continuellement cette page pour vous assurer que vous acceptez ces modifications.<\/p><p>Informations collect\u00e9es<\/p><p>Notre site Web peut collecter des informations personnelles telles que\u00a0: Nom, coordonn\u00e9es telles que votre adresse e-mail et informations d\u00e9mographiques. De m\u00eame, lorsque cela est n\u00e9cessaire, des informations sp\u00e9cifiques pourront \u00eatre n\u00e9cessaires pour traiter une commande ou effectuer une livraison ou une facturation.<\/p><p>Utilisation des informations collect\u00e9es<\/p><p>Notre site Web utilise ces informations afin de fournir le meilleur service possible, notamment pour maintenir un registre des utilisateurs, des commandes le cas \u00e9ch\u00e9ant, et am\u00e9liorer nos produits et services. \u00e0 n'importe quel moment.<\/p><p>est fortement engag\u00e9 \u00e0 respecter son engagement \u00e0 assurer la s\u00e9curit\u00e9 de vos informations. Nous utilisons les syst\u00e8mes les plus avanc\u00e9s et les mettons constamment \u00e0 jour pour garantir qu\u2019il n\u2019y ait aucun acc\u00e8s non autoris\u00e9.<\/p><p>biscuits<\/p><p>Un cookie fait r\u00e9f\u00e9rence \u00e0 un fichier envoy\u00e9 dans le but de demander l'autorisation d'\u00eatre stock\u00e9 sur votre ordinateur. Apr\u00e8s avoir accept\u00e9 ce fichier, il est cr\u00e9\u00e9 et le cookie est ensuite utilis\u00e9 pour obtenir des informations sur le trafic Web et faciliter \u00e9galement les visites futures sur un site Web. site Web. Une autre fonction des cookies est qu'avec eux, les sites Web peuvent vous reconna\u00eetre individuellement et ainsi vous fournir le meilleur service personnalis\u00e9 sur leur site Web.<\/p><p>Notre site Web utilise des cookies pour identifier les pages visit\u00e9es et leur fr\u00e9quence. Ces informations sont utilis\u00e9es uniquement \u00e0 des fins d'analyse statistique et sont ensuite d\u00e9finitivement supprim\u00e9es. Vous pouvez \u00e0 tout moment supprimer les cookies de votre ordinateur. Cependant, les cookies aident \u00e0 fournir un meilleur service sur les sites Web, ils ne donnent pas acc\u00e8s aux informations de votre ordinateur ou de vous, \u00e0 moins que vous ne le souhaitiez et que vous les fournissiez directement, en visitant un site Web. Vous pouvez accepter ou refuser l'utilisation de cookies, mais la plupart des navigateurs acceptent automatiquement les cookies car ils permettent d'avoir un meilleur service Web. Vous pouvez \u00e9galement modifier les param\u00e8tres de votre ordinateur pour refuser les cookies. S'ils refusent, vous ne pourrez peut-\u00eatre pas utiliser certains de nos services.<\/p><p>Liens vers des tiers<\/p><p>Ce site Web peut contenir des liens vers d'autres sites susceptibles de vous int\u00e9resser. Une fois que vous cliquez sur ces liens et quittez notre page, nous n'avons plus de contr\u00f4le sur le site vers lequel vous \u00eates redirig\u00e9 et nous ne sommes donc pas responsables des conditions de confidentialit\u00e9 ou de la protection de vos donn\u00e9es sur ces autres sites tiers. Ces sites sont soumis \u00e0 leurs propres politiques de confidentialit\u00e9, il est donc recommand\u00e9 de les consulter pour confirmer que vous les acceptez.<\/p><p>Contr\u00f4le de vos informations personnelles<\/p><p>\u00c0 tout moment, vous pouvez restreindre la collecte ou l'utilisation des informations personnelles fournies sur notre site Web. Chaque fois qu'il vous est demand\u00e9 de remplir un formulaire, tel que le formulaire d'inscription d'utilisateur, vous pouvez cocher ou d\u00e9cocher l'option de recevoir des informations par email. Si vous avez choisi l'option de recevoir notre newsletter ou nos publicit\u00e9s, vous pouvez l'annuler \u00e0 tout moment.<\/p><p>Cette soci\u00e9t\u00e9 ne vendra, c\u00e9dera ou distribuera pas les informations personnelles collect\u00e9es sans votre consentement, sauf si cela est requis par un juge avec une ordonnance du tribunal.<\/p><p>Le droit est r\u00e9serv\u00e9 de modifier les termes de cette politique de confidentialit\u00e9 \u00e0 tout moment.<\/p><\/div><\/div><\/div><\/div>\t\t\t\t\t\t<\/div>\n\t\t\t\t<\/div>\n\t\t\t\t\t<\/div>\n\t\t<\/div>\n\t\t\t\t\t\t\t<\/div>\n\t\t<\/section>\n\t\t\t\t\t\t\t<\/div>","protected":false},"excerpt":{"rendered":"<p>Pol\u00edtica de privacidad El presente Pol\u00edtica de Privacidad establece los t\u00e9rminos en que usa y protege la informaci\u00f3n que es proporcionada por sus usuarios al momento de utilizar su sitio web. Esta compa\u00f1\u00eda est\u00e1 comprometida con la seguridad de los datos de sus usuarios. Cuando le pedimos llenar los campos de informaci\u00f3n personal con la [&hellip;]<\/p>","protected":false},"author":1,"featured_media":0,"parent":0,"menu_order":0,"comment_status":"closed","ping_status":"closed","template":"","meta":{"footnotes":""},"class_list":["post-3","page","type-page","status-publish","hentry"],"aioseo_notices":[],"_links":{"self":[{"href":"https:\/\/rapidpuigcerda.com\/fr\/wp-json\/wp\/v2\/pages\/3","targetHints":{"allow":["GET"]}}],"collection":[{"href":"https:\/\/rapidpuigcerda.com\/fr\/wp-json\/wp\/v2\/pages"}],"about":[{"href":"https:\/\/rapidpuigcerda.com\/fr\/wp-json\/wp\/v2\/types\/page"}],"author":[{"embeddable":true,"href":"https:\/\/rapidpuigcerda.com\/fr\/wp-json\/wp\/v2\/users\/1"}],"replies":[{"embeddable":true,"href":"https:\/\/rapidpuigcerda.com\/fr\/wp-json\/wp\/v2\/comments?post=3"}],"version-history":[{"count":7,"href":"https:\/\/rapidpuigcerda.com\/fr\/wp-json\/wp\/v2\/pages\/3\/revisions"}],"predecessor-version":[{"id":566,"href":"https:\/\/rapidpuigcerda.com\/fr\/wp-json\/wp\/v2\/pages\/3\/revisions\/566"}],"wp:attachment":[{"href":"https:\/\/rapidpuigcerda.com\/fr\/wp-json\/wp\/v2\/media?parent=3"}],"curies":[{"name":"wp","href":"https:\/\/api.w.org\/{rel}","templated":true}]}}