{"id":242,"date":"2023-12-13T23:16:07","date_gmt":"2023-12-13T22:16:07","guid":{"rendered":"https:\/\/rapidpuigcerda.com\/?page_id=242"},"modified":"2023-12-15T00:45:48","modified_gmt":"2023-12-14T23:45:48","slug":"servicio-llaves-mandos","status":"publish","type":"page","link":"https:\/\/rapidpuigcerda.com\/fr\/servicio-llaves-mandos\/","title":{"rendered":"Servicio Llaves Mandos"},"content":{"rendered":"<div data-elementor-type=\"wp-page\" data-elementor-id=\"242\" class=\"elementor elementor-242\" data-elementor-post-type=\"page\">\n\t\t\t\t\t\t\t\t\t<section class=\"elementor-section elementor-top-section elementor-element elementor-element-fb51823 elementor-section-boxed elementor-section-height-default elementor-section-height-default\" data-id=\"fb51823\" data-element_type=\"section\">\n\t\t\t\t\t\t<div class=\"elementor-container elementor-column-gap-no\">\n\t\t\t\t\t<div class=\"elementor-column elementor-col-100 elementor-top-column elementor-element elementor-element-6546e86\" data-id=\"6546e86\" data-element_type=\"column\">\n\t\t\t<div class=\"elementor-widget-wrap elementor-element-populated\">\n\t\t\t\t\t\t\t\t<section class=\"elementor-section elementor-inner-section elementor-element elementor-element-7bd231c elementor-section-boxed elementor-section-height-default elementor-section-height-default\" data-id=\"7bd231c\" data-element_type=\"section\">\n\t\t\t\t\t\t<div class=\"elementor-container elementor-column-gap-default\">\n\t\t\t\t\t<div class=\"elementor-column elementor-col-50 elementor-inner-column elementor-element elementor-element-25aef07\" data-id=\"25aef07\" data-element_type=\"column\">\n\t\t\t<div class=\"elementor-widget-wrap elementor-element-populated\">\n\t\t\t\t\t\t\t\t<div class=\"elementor-element elementor-element-4235203 elementor-widget elementor-widget-heading\" data-id=\"4235203\" data-element_type=\"widget\" data-widget_type=\"heading.default\">\n\t\t\t\t<div class=\"elementor-widget-container\">\n\t\t\t<style>\/*! elementor - v3.18.0 - 20-12-2023 *\/\n.elementor-heading-title{padding:0;margin:0;line-height:1}.elementor-widget-heading .elementor-heading-title[class*=elementor-size-]>a{color:inherit;font-size:inherit;line-height:inherit}.elementor-widget-heading .elementor-heading-title.elementor-size-small{font-size:15px}.elementor-widget-heading .elementor-heading-title.elementor-size-medium{font-size:19px}.elementor-widget-heading .elementor-heading-title.elementor-size-large{font-size:29px}.elementor-widget-heading .elementor-heading-title.elementor-size-xl{font-size:39px}.elementor-widget-heading .elementor-heading-title.elementor-size-xxl{font-size:59px}<\/style><h2 class=\"elementor-heading-title elementor-size-default\">SERVICE de<\/h2>\t\t<\/div>\n\t\t\t\t<\/div>\n\t\t\t\t<div class=\"elementor-element elementor-element-c620cb4 elementor-widget elementor-widget-heading\" data-id=\"c620cb4\" data-element_type=\"widget\" data-widget_type=\"heading.default\">\n\t\t\t\t<div class=\"elementor-widget-container\">\n\t\t\t<h2 class=\"elementor-heading-title elementor-size-default\">COPIE DE CL\u00c9S ET T\u00c9L\u00c9COMMANDES<\/h2>\t\t<\/div>\n\t\t\t\t<\/div>\n\t\t\t\t\t<\/div>\n\t\t<\/div>\n\t\t\t\t<div class=\"elementor-column elementor-col-50 elementor-inner-column elementor-element elementor-element-b61b866\" data-id=\"b61b866\" data-element_type=\"column\">\n\t\t\t<div class=\"elementor-widget-wrap elementor-element-populated\">\n\t\t\t\t\t\t\t\t<div class=\"elementor-element elementor-element-8d3907f elementor-widget elementor-widget-text-editor\" data-id=\"8d3907f\" data-element_type=\"widget\" data-widget_type=\"text-editor.default\">\n\t\t\t\t<div class=\"elementor-widget-container\">\n\t\t\t<style>\/*! elementor - v3.18.0 - 20-12-2023 *\/\n.elementor-widget-text-editor.elementor-drop-cap-view-stacked .elementor-drop-cap{background-color:#69727d;color:#fff}.elementor-widget-text-editor.elementor-drop-cap-view-framed .elementor-drop-cap{color:#69727d;border:3px solid;background-color:transparent}.elementor-widget-text-editor:not(.elementor-drop-cap-view-default) .elementor-drop-cap{margin-top:8px}.elementor-widget-text-editor:not(.elementor-drop-cap-view-default) .elementor-drop-cap-letter{width:1em;height:1em}.elementor-widget-text-editor .elementor-drop-cap{float:left;text-align:center;line-height:1;font-size:50px}.elementor-widget-text-editor .elementor-drop-cap-letter{display:inline-block}<\/style>\t\t\t\t<div class=\"col-12 col-md-4 col-lg-3\"><div class=\"categoria-nom\"><div class=\"row margin-bottom-15\"><div class=\"col-12 col-md-8 col-lg-9 margin-bottom-15\"><div class=\"row margin-bottom-15\"><div class=\"col-12 col-md-8 col-lg-9 margin-bottom-15\">Nous sommes sp\u00e9cialis\u00e9s dans la duplication de tous types de cl\u00e9s et de t\u00e9l\u00e9commandes<\/div><\/div><\/div><\/div><\/div><\/div>\t\t\t\t\t\t<\/div>\n\t\t\t\t<\/div>\n\t\t\t\t\t<\/div>\n\t\t<\/div>\n\t\t\t\t\t\t\t<\/div>\n\t\t<\/section>\n\t\t\t\t\t<\/div>\n\t\t<\/div>\n\t\t\t\t\t\t\t<\/div>\n\t\t<\/section>\n\t\t\t\t<section class=\"elementor-section elementor-top-section elementor-element elementor-element-f4a4989 elementor-section-boxed elementor-section-height-default elementor-section-height-default\" data-id=\"f4a4989\" data-element_type=\"section\">\n\t\t\t\t\t\t<div class=\"elementor-container elementor-column-gap-default\">\n\t\t\t\t\t<div class=\"elementor-column elementor-col-25 elementor-top-column elementor-element elementor-element-199149b\" data-id=\"199149b\" data-element_type=\"column\">\n\t\t\t<div class=\"elementor-widget-wrap elementor-element-populated\">\n\t\t\t\t\t\t\t\t<div class=\"elementor-element elementor-element-4a2e514 elementor-widget elementor-widget-image\" data-id=\"4a2e514\" data-element_type=\"widget\" data-widget_type=\"image.default\">\n\t\t\t\t<div class=\"elementor-widget-container\">\n\t\t\t<style>\/*! elementor - v3.18.0 - 20-12-2023 *\/\n.elementor-widget-image{text-align:center}.elementor-widget-image a{display:inline-block}.elementor-widget-image a img[src$=\".svg\"]{width:48px}.elementor-widget-image img{vertical-align:middle;display:inline-block}<\/style>\t\t\t\t\t\t\t\t\t\t\t\t\t<a href=\"https:\/\/rapidpuigcerda.com\/fr\/servicio-duplicado-de-llaves\/\">\n\t\t\t\t\t\t\t<img fetchpriority=\"high\" decoding=\"async\" width=\"512\" height=\"512\" src=\"https:\/\/rapidpuigcerda.com\/wp-content\/uploads\/2023\/12\/1642592885-0-0.png\" class=\"attachment-large size-large wp-image-251\" alt=\"DUPLICADO DE LLAVES\" srcset=\"https:\/\/rapidpuigcerda.com\/wp-content\/uploads\/2023\/12\/1642592885-0-0.png 512w, https:\/\/rapidpuigcerda.com\/wp-content\/uploads\/2023\/12\/1642592885-0-0-300x300.png 300w, https:\/\/rapidpuigcerda.com\/wp-content\/uploads\/2023\/12\/1642592885-0-0-150x150.png 150w\" sizes=\"(max-width: 512px) 100vw, 512px\" \/>\t\t\t\t\t\t\t\t<\/a>\n\t\t\t\t\t\t\t\t\t\t\t\t\t\t\t<\/div>\n\t\t\t\t<\/div>\n\t\t\t\t<div class=\"elementor-element elementor-element-27c3dae elementor-widget elementor-widget-heading\" data-id=\"27c3dae\" data-element_type=\"widget\" data-widget_type=\"heading.default\">\n\t\t\t\t<div class=\"elementor-widget-container\">\n\t\t\t<h2 class=\"elementor-heading-title elementor-size-default\"><a href=\"https:\/\/rapidpuigcerda.com\/fr\/servicio-duplicado-de-llaves\/\">COPIE DE CL\u00c9S<\/a><\/h2>\t\t<\/div>\n\t\t\t\t<\/div>\n\t\t\t\t<div class=\"elementor-element elementor-element-c3c58d5 elementor-widget elementor-widget-text-editor\" data-id=\"c3c58d5\" data-element_type=\"widget\" data-widget_type=\"text-editor.default\">\n\t\t\t\t<div class=\"elementor-widget-container\">\n\t\t\t\t\t\t\t<div class=\"col-12 col-md-4 col-lg-3\"><div class=\"categoria-nom\"><div class=\"row margin-bottom-15\"><div class=\"col-12 col-md-8 col-lg-9 margin-bottom-15\">Nous faisons des copies de toutes sortes de cl\u00e9s<\/div><\/div><\/div><\/div>\t\t\t\t\t\t<\/div>\n\t\t\t\t<\/div>\n\t\t\t\t\t<\/div>\n\t\t<\/div>\n\t\t\t\t<div class=\"elementor-column elementor-col-25 elementor-top-column elementor-element elementor-element-f44f2e2\" data-id=\"f44f2e2\" data-element_type=\"column\">\n\t\t\t<div class=\"elementor-widget-wrap elementor-element-populated\">\n\t\t\t\t\t\t\t\t<div class=\"elementor-element elementor-element-d74e87c elementor-widget elementor-widget-image\" data-id=\"d74e87c\" data-element_type=\"widget\" data-widget_type=\"image.default\">\n\t\t\t\t<div class=\"elementor-widget-container\">\n\t\t\t\t\t\t\t\t\t\t\t\t\t\t\t\t<a href=\"https:\/\/rapidpuigcerda.com\/fr\/servicio-mandos-de-garaje-y-automatismos\/\">\n\t\t\t\t\t\t\t<img decoding=\"async\" width=\"512\" height=\"512\" src=\"https:\/\/rapidpuigcerda.com\/wp-content\/uploads\/2023\/12\/1642593046-0-0.png\" class=\"attachment-large size-large wp-image-252\" alt=\"MANDOS DE GARAJE Y AUTOMATISMOS.\" srcset=\"https:\/\/rapidpuigcerda.com\/wp-content\/uploads\/2023\/12\/1642593046-0-0.png 512w, https:\/\/rapidpuigcerda.com\/wp-content\/uploads\/2023\/12\/1642593046-0-0-300x300.png 300w, https:\/\/rapidpuigcerda.com\/wp-content\/uploads\/2023\/12\/1642593046-0-0-150x150.png 150w\" sizes=\"(max-width: 512px) 100vw, 512px\" \/>\t\t\t\t\t\t\t\t<\/a>\n\t\t\t\t\t\t\t\t\t\t\t\t\t\t\t<\/div>\n\t\t\t\t<\/div>\n\t\t\t\t<div class=\"elementor-element elementor-element-86c1494 elementor-widget elementor-widget-heading\" data-id=\"86c1494\" data-element_type=\"widget\" data-widget_type=\"heading.default\">\n\t\t\t\t<div class=\"elementor-widget-container\">\n\t\t\t<h2 class=\"elementor-heading-title elementor-size-default\"><a href=\"https:\/\/rapidpuigcerda.com\/fr\/servicio-mandos-de-garaje-y-automatismos\/\">T\u00c9L\u00c9COMMANDE DE GARAGES ET AUTOMATISME<\/a><\/h2>\t\t<\/div>\n\t\t\t\t<\/div>\n\t\t\t\t\t<\/div>\n\t\t<\/div>\n\t\t\t\t<div class=\"elementor-column elementor-col-25 elementor-top-column elementor-element elementor-element-3bc671d\" data-id=\"3bc671d\" data-element_type=\"column\">\n\t\t\t<div class=\"elementor-widget-wrap\">\n\t\t\t\t\t\t\t\t\t<\/div>\n\t\t<\/div>\n\t\t\t\t<div class=\"elementor-column elementor-col-25 elementor-top-column elementor-element elementor-element-61a5a75\" data-id=\"61a5a75\" data-element_type=\"column\">\n\t\t\t<div class=\"elementor-widget-wrap\">\n\t\t\t\t\t\t\t\t\t<\/div>\n\t\t<\/div>\n\t\t\t\t\t\t\t<\/div>\n\t\t<\/section>\n\t\t\t\t\t\t\t<\/div>","protected":false},"excerpt":{"rendered":"<p>SERVICIO de LLAVES Y MANDOS Especialistas en duplicado de todo tipo de llaves y mandos a distancia. DUPLICADO DE LLAVES Hacemos duplicado de todo tipo de llaves MANDOS DE GARAJE Y AUTOMATISMOS.<\/p>","protected":false},"author":1,"featured_media":0,"parent":0,"menu_order":0,"comment_status":"closed","ping_status":"closed","template":"","meta":{"footnotes":""},"class_list":["post-242","page","type-page","status-publish","hentry"],"aioseo_notices":[],"_links":{"self":[{"href":"https:\/\/rapidpuigcerda.com\/fr\/wp-json\/wp\/v2\/pages\/242","targetHints":{"allow":["GET"]}}],"collection":[{"href":"https:\/\/rapidpuigcerda.com\/fr\/wp-json\/wp\/v2\/pages"}],"about":[{"href":"https:\/\/rapidpuigcerda.com\/fr\/wp-json\/wp\/v2\/types\/page"}],"author":[{"embeddable":true,"href":"https:\/\/rapidpuigcerda.com\/fr\/wp-json\/wp\/v2\/users\/1"}],"replies":[{"embeddable":true,"href":"https:\/\/rapidpuigcerda.com\/fr\/wp-json\/wp\/v2\/comments?post=242"}],"version-history":[{"count":25,"href":"https:\/\/rapidpuigcerda.com\/fr\/wp-json\/wp\/v2\/pages\/242\/revisions"}],"predecessor-version":[{"id":665,"href":"https:\/\/rapidpuigcerda.com\/fr\/wp-json\/wp\/v2\/pages\/242\/revisions\/665"}],"wp:attachment":[{"href":"https:\/\/rapidpuigcerda.com\/fr\/wp-json\/wp\/v2\/media?parent=242"}],"curies":[{"name":"wp","href":"https:\/\/api.w.org\/{rel}","templated":true}]}}