{"id":568,"date":"2023-12-14T18:52:23","date_gmt":"2023-12-14T17:52:23","guid":{"rendered":"https:\/\/rapidpuigcerda.com\/?page_id=568"},"modified":"2023-12-14T18:53:35","modified_gmt":"2023-12-14T17:53:35","slug":"politica-cookies","status":"publish","type":"page","link":"https:\/\/rapidpuigcerda.com\/ca\/politica-cookies\/","title":{"rendered":"Pol\u00edtica de galetes"},"content":{"rendered":"<div data-elementor-type=\"wp-page\" data-elementor-id=\"568\" class=\"elementor elementor-568\" data-elementor-post-type=\"page\">\n\t\t\t\t\t\t\t\t\t<section class=\"elementor-section elementor-top-section elementor-element elementor-element-7fad2d7 elementor-section-boxed elementor-section-height-default elementor-section-height-default\" data-id=\"7fad2d7\" data-element_type=\"section\">\n\t\t\t\t\t\t<div class=\"elementor-container elementor-column-gap-default\">\n\t\t\t\t\t<div class=\"elementor-column elementor-col-100 elementor-top-column elementor-element elementor-element-0688139\" data-id=\"0688139\" data-element_type=\"column\">\n\t\t\t<div class=\"elementor-widget-wrap elementor-element-populated\">\n\t\t\t\t\t\t\t\t<div class=\"elementor-element elementor-element-7ec892e elementor-widget elementor-widget-text-editor\" data-id=\"7ec892e\" data-element_type=\"widget\" data-widget_type=\"text-editor.default\">\n\t\t\t\t<div class=\"elementor-widget-container\">\n\t\t\t<style>\/*! elementor - v3.18.0 - 20-12-2023 *\/\n.elementor-widget-text-editor.elementor-drop-cap-view-stacked .elementor-drop-cap{background-color:#69727d;color:#fff}.elementor-widget-text-editor.elementor-drop-cap-view-framed .elementor-drop-cap{color:#69727d;border:3px solid;background-color:transparent}.elementor-widget-text-editor:not(.elementor-drop-cap-view-default) .elementor-drop-cap{margin-top:8px}.elementor-widget-text-editor:not(.elementor-drop-cap-view-default) .elementor-drop-cap-letter{width:1em;height:1em}.elementor-widget-text-editor .elementor-drop-cap{float:left;text-align:center;line-height:1;font-size:50px}.elementor-widget-text-editor .elementor-drop-cap-letter{display:inline-block}<\/style>\t\t\t\t<div class=\"seccio-titol\"><div class=\"container\"><div class=\"row\"><div class=\"col-12\"><h1 class=\"nom\"><strong>Pol\u00edtica de galetes<\/strong><\/h1><\/div><\/div><\/div><\/div><div class=\"container\"><div class=\"row\"><div class=\"col-12 margin-bottom-120\"><div><strong>Pol\u00edtica de galetes<\/strong><br \/><br \/><strong>Qu\u00e8 s\u00f3n les galetes<\/strong><br \/><br \/>Les galetes s\u00f3n petits arxius de dades que es reben al terminal des del lloc web visitat i s'utilitzen per registrar algunes interaccions de la navegaci\u00f3 d'un lloc web emmagatzemant dades que podran ser actualitzats i recuperats. Aquests arxius es guarden a l'ordinador de l'usuari i cont\u00e9 dades an\u00f2nimes que no s\u00f3n perjudicials per al seu equip. S'utilitzen per recordar les prefer\u00e8ncies de l'usuari, com l'idioma seleccionat, dades d'acc\u00e9s o personalitzaci\u00f3 de la p\u00e0gina.<br \/><br \/>Les galetes tamb\u00e9 es poden utilitzar per registrar informaci\u00f3 an\u00f2nima sobre com un visitant utilitza un lloc. Per exemple, des de quina p\u00e0gina web s'ha accedit, o si s'ha utilitzat un baner publicitari per arribar.<br \/><br \/><strong>Per qu\u00e8 utilitzem galetes?<\/strong><br \/><br \/>Aquesta web utilitza galetes estrictament necess\u00e0ries i esencials per a que vost\u00e9 utilitzi el nostre lloc web i li permetin moure's lliurement, utilitzar areas segures, opcions personalitzades, ... A m\u00e9s utilitzem les galetes per recollir les dades relatives a l'an\u00e0lisi de l'us de la web. Aquestes s'utilitzen per ajudar a millorar el servei al client, medint l'us i el rendiment de la p\u00e0gina per optimitzar-la i personalitzar-la.<br \/><br \/>El nostre lloc web tamb\u00e9 pot contenir enlla\u00e7os de xarxes socials (com Facebook o Twitter). Nosaltres no controlem les galetes utilitzades per aquestes webs externes. Per a m\u00e9s informaci\u00f3 sobre les galetes de las xarxes socials o altres webs, aconsellem revisar les seves pr\u00f2pies pol\u00edtiques de galetes.<br \/><br \/><strong>Quina utilitat li donem als diferents tipus de galetes?<\/strong><br \/><br \/>Galetes t\u00e8cniques: s\u00f3n aquelles imprescindibles i estrictament necess\u00e0ries pel correcte funcionament d'un portal web i la utilitzaci\u00f3 de les diferents opcions i serveis que ofereixen.<br \/><br \/>Galetes de personalitzaci\u00f3: permeten a l'usuari especificar o personalitzar algunes caracter\u00edstiques de les opcions generals de la p\u00e0gina web.<br \/><br \/>Galetes anal\u00edtiques: les utilitzem per crear perfils de navegaci\u00f3 i poder con\u00e8ixer les prefer\u00e8ncies dels usuaris amb la finalitat de millorar l'oferta de productes i serveis.<br \/><br \/>Galetes de publicitat: permeten guardar informaci\u00f3 del comportament per mitj\u00e0 de l'observaci\u00f3 dels habits, estudiant els accessos i creant un perfil de prefer\u00e8ncies de l'usuari per oferir publicitat relacionada amb els seus interessos.<br \/><br \/>Segons el termini aquestes galetes les podem definir com:<br \/><br \/>Galetes de sessi\u00f3: s\u00f3n aquelles que duren el temps que l'usuari est\u00e0 navegant per la p\u00e0gina web i s'eliminen quan s'acaba.<br \/><br \/>Galetes permanents: s\u00f3n aquelles que queden guardades al terminal de l'usuari, per un temps m\u00e9s llarg, facilitant el control de les prefer\u00e8ncies escollides sense haver de repetir certs par\u00e0metres cada vegada que es visiti el lloc web.<br \/><br \/><strong>I si no vull tenir aquestes galetes o no faig res al respecte?<\/strong><br \/><br \/>Per cumplir amb la legislaci\u00f3 vigent, hem de demanar el seu perm\u00eds per gestionar galetes. Si decideix no autoritzar el tractament indicant la seva no conformitat, nom\u00e9s utilitzarem les galetes t\u00e8cniques, ja que s\u00f3n imprescindibles per a la navegaci\u00f3 a la nostra web. En aquest cas, no guardem cap galeta. En cas de continuar navegant per la web sense denegar la seva autoritzaci\u00f3 implica que n'accepta l'us.<br \/><br \/>Ha de tenir en compte que si refusa o elimina les galetes de navegaci\u00f3 per la web, no podrem mantenir les seves prefer\u00e8ncies, algunes caracter\u00edstiques de les p\u00e0gines no estaran operatives, no podrem oferir serveis personalitzats i cada vegada que hagi de navegar per la web haurem de tornar a demanar l'autoritzaci\u00f3 per l'us de les galetes.<br \/><br \/>Si tot i aix\u00ed, decideix modificar la configuraci\u00f3 del seu acc\u00e7es a la p\u00e0gina web, ha de saber que es possible eliminar les galetes o impedir que es registri aquesta informaci\u00f3 al seu equip en qualsevol moment modificant els par\u00e0metres corresponent segons el navegador:<br \/><br \/>Internet explorer &#8211;\u00a0<a href=\"http:\/\/windows.microsoft.com\/es-es\/windows-vista\/block-or-allow-cookies\" target=\"_blank\" rel=\"noopener\">windows.microsoft.com\/es-es\/windows-vista\/block-or-allow-cookies<\/a><br \/>Firefox &#8211;\u00a0<a href=\"http:\/\/support.mozilla.org\/es\/kb\/habilitar-y-deshabilitar-cookies-que-los-sitios-we\" target=\"_blank\" rel=\"noopener\">support.mozilla.org\/es\/kb\/habilitar-y-deshabilitar-cookies-que-los-sitios-we<\/a><br \/>Google Chrome &#8211;\u00a0<a href=\"http:\/\/support.google.com\/chrome\/bin\/answer.py?hl=es&amp;answer=95647\" target=\"_blank\" rel=\"noopener\">support.google.com\/chrome\/bin\/answer.py?hl=es&amp;answer=95647<\/a><br \/>Safari &#8211;\u00a0<a href=\"http:\/\/support.apple.com\/kb\/HT1677?viewlocale=es_ES&amp;locale=es_ES\" target=\"_blank\" rel=\"noopener\">support.apple.com\/kb\/HT1677?viewlocale=es_ES&amp;locale=es_ES<\/a><\/div><\/div><\/div><\/div>\t\t\t\t\t\t<\/div>\n\t\t\t\t<\/div>\n\t\t\t\t\t<\/div>\n\t\t<\/div>\n\t\t\t\t\t\t\t<\/div>\n\t\t<\/section>\n\t\t\t\t\t\t\t<\/div>","protected":false},"excerpt":{"rendered":"<p>Pol\u00edtica de cookies Pol\u00edtica de Cookies \u00bfQu\u00e9 son las cookies? Las cookies son peque\u00f1os archivos de datos que se reciben en el terminal desde el sitio web visitado y se utilizan para registrar algunas interacciones de la navegaci\u00f3n de un sitio web almacenando datos que podr\u00e1n ser actualizados y recuperados. Estos archivos se guardan en [&hellip;]<\/p>","protected":false},"author":1,"featured_media":0,"parent":0,"menu_order":0,"comment_status":"closed","ping_status":"closed","template":"","meta":{"footnotes":""},"class_list":["post-568","page","type-page","status-publish","hentry"],"aioseo_notices":[],"_links":{"self":[{"href":"https:\/\/rapidpuigcerda.com\/ca\/wp-json\/wp\/v2\/pages\/568","targetHints":{"allow":["GET"]}}],"collection":[{"href":"https:\/\/rapidpuigcerda.com\/ca\/wp-json\/wp\/v2\/pages"}],"about":[{"href":"https:\/\/rapidpuigcerda.com\/ca\/wp-json\/wp\/v2\/types\/page"}],"author":[{"embeddable":true,"href":"https:\/\/rapidpuigcerda.com\/ca\/wp-json\/wp\/v2\/users\/1"}],"replies":[{"embeddable":true,"href":"https:\/\/rapidpuigcerda.com\/ca\/wp-json\/wp\/v2\/comments?post=568"}],"version-history":[{"count":4,"href":"https:\/\/rapidpuigcerda.com\/ca\/wp-json\/wp\/v2\/pages\/568\/revisions"}],"predecessor-version":[{"id":572,"href":"https:\/\/rapidpuigcerda.com\/ca\/wp-json\/wp\/v2\/pages\/568\/revisions\/572"}],"wp:attachment":[{"href":"https:\/\/rapidpuigcerda.com\/ca\/wp-json\/wp\/v2\/media?parent=568"}],"curies":[{"name":"wp","href":"https:\/\/api.w.org\/{rel}","templated":true}]}}