{"id":280,"date":"2023-12-13T23:29:24","date_gmt":"2023-12-13T22:29:24","guid":{"rendered":"https:\/\/rapidpuigcerda.com\/?page_id=280"},"modified":"2023-12-14T20:35:50","modified_gmt":"2023-12-14T19:35:50","slug":"servicio-calzado","status":"publish","type":"page","link":"https:\/\/rapidpuigcerda.com\/ca\/servicio-calzado\/","title":{"rendered":"Servicio Calzado"},"content":{"rendered":"<div data-elementor-type=\"wp-page\" data-elementor-id=\"280\" class=\"elementor elementor-280\" data-elementor-post-type=\"page\">\n\t\t\t\t\t\t\t\t\t<section class=\"elementor-section elementor-top-section elementor-element elementor-element-3385692 elementor-section-boxed elementor-section-height-default elementor-section-height-default\" data-id=\"3385692\" data-element_type=\"section\">\n\t\t\t\t\t\t<div class=\"elementor-container elementor-column-gap-no\">\n\t\t\t\t\t<div class=\"elementor-column elementor-col-100 elementor-top-column elementor-element elementor-element-949fca3\" data-id=\"949fca3\" data-element_type=\"column\">\n\t\t\t<div class=\"elementor-widget-wrap elementor-element-populated\">\n\t\t\t\t\t\t\t\t<section class=\"elementor-section elementor-inner-section elementor-element elementor-element-2906991 elementor-section-boxed elementor-section-height-default elementor-section-height-default\" data-id=\"2906991\" data-element_type=\"section\">\n\t\t\t\t\t\t<div class=\"elementor-container elementor-column-gap-default\">\n\t\t\t\t\t<div class=\"elementor-column elementor-col-50 elementor-inner-column elementor-element elementor-element-831c9c7\" data-id=\"831c9c7\" data-element_type=\"column\">\n\t\t\t<div class=\"elementor-widget-wrap elementor-element-populated\">\n\t\t\t\t\t\t\t\t<div class=\"elementor-element elementor-element-cf6b28c elementor-widget elementor-widget-heading\" data-id=\"cf6b28c\" data-element_type=\"widget\" data-widget_type=\"heading.default\">\n\t\t\t\t<div class=\"elementor-widget-container\">\n\t\t\t<style>\/*! elementor - v3.18.0 - 20-12-2023 *\/\n.elementor-heading-title{padding:0;margin:0;line-height:1}.elementor-widget-heading .elementor-heading-title[class*=elementor-size-]>a{color:inherit;font-size:inherit;line-height:inherit}.elementor-widget-heading .elementor-heading-title.elementor-size-small{font-size:15px}.elementor-widget-heading .elementor-heading-title.elementor-size-medium{font-size:19px}.elementor-widget-heading .elementor-heading-title.elementor-size-large{font-size:29px}.elementor-widget-heading .elementor-heading-title.elementor-size-xl{font-size:39px}.elementor-widget-heading .elementor-heading-title.elementor-size-xxl{font-size:59px}<\/style><h2 class=\"elementor-heading-title elementor-size-default\">SERVEI de<\/h2>\t\t<\/div>\n\t\t\t\t<\/div>\n\t\t\t\t<div class=\"elementor-element elementor-element-effbb14 elementor-widget elementor-widget-heading\" data-id=\"effbb14\" data-element_type=\"widget\" data-widget_type=\"heading.default\">\n\t\t\t\t<div class=\"elementor-widget-container\">\n\t\t\t<h2 class=\"elementor-heading-title elementor-size-default\">CAL\u00c7AT<\/h2>\t\t<\/div>\n\t\t\t\t<\/div>\n\t\t\t\t\t<\/div>\n\t\t<\/div>\n\t\t\t\t<div class=\"elementor-column elementor-col-50 elementor-inner-column elementor-element elementor-element-bcbbdb3\" data-id=\"bcbbdb3\" data-element_type=\"column\">\n\t\t\t<div class=\"elementor-widget-wrap elementor-element-populated\">\n\t\t\t\t\t\t\t\t<div class=\"elementor-element elementor-element-8fa275b elementor-widget elementor-widget-text-editor\" data-id=\"8fa275b\" data-element_type=\"widget\" data-widget_type=\"text-editor.default\">\n\t\t\t\t<div class=\"elementor-widget-container\">\n\t\t\t<style>\/*! elementor - v3.18.0 - 20-12-2023 *\/\n.elementor-widget-text-editor.elementor-drop-cap-view-stacked .elementor-drop-cap{background-color:#69727d;color:#fff}.elementor-widget-text-editor.elementor-drop-cap-view-framed .elementor-drop-cap{color:#69727d;border:3px solid;background-color:transparent}.elementor-widget-text-editor:not(.elementor-drop-cap-view-default) .elementor-drop-cap{margin-top:8px}.elementor-widget-text-editor:not(.elementor-drop-cap-view-default) .elementor-drop-cap-letter{width:1em;height:1em}.elementor-widget-text-editor .elementor-drop-cap{float:left;text-align:center;line-height:1;font-size:50px}.elementor-widget-text-editor .elementor-drop-cap-letter{display:inline-block}<\/style>\t\t\t\t<div class=\"col-12 col-md-4 col-lg-3\"><div class=\"categoria-nom\"><div class=\"row margin-bottom-15\"><div class=\"col-12 col-md-8 col-lg-9 margin-bottom-15\"><div class=\"row margin-bottom-15\"><div class=\"col-12 col-md-8 col-lg-9 margin-bottom-15\">Reparem tot tipus de cal\u00e7at i disposem d'un gran ventall de productes per a la seva cura i conservaci\u00f3.<\/div><\/div><\/div><\/div><\/div><\/div>\t\t\t\t\t\t<\/div>\n\t\t\t\t<\/div>\n\t\t\t\t\t<\/div>\n\t\t<\/div>\n\t\t\t\t\t\t\t<\/div>\n\t\t<\/section>\n\t\t\t\t\t<\/div>\n\t\t<\/div>\n\t\t\t\t\t\t\t<\/div>\n\t\t<\/section>\n\t\t\t\t<section class=\"elementor-section elementor-top-section elementor-element elementor-element-c4255ab elementor-section-boxed elementor-section-height-default elementor-section-height-default\" data-id=\"c4255ab\" data-element_type=\"section\">\n\t\t\t\t\t\t<div class=\"elementor-container elementor-column-gap-default\">\n\t\t\t\t\t<div class=\"elementor-column elementor-col-25 elementor-top-column elementor-element elementor-element-00f5ab5\" data-id=\"00f5ab5\" data-element_type=\"column\">\n\t\t\t<div class=\"elementor-widget-wrap elementor-element-populated\">\n\t\t\t\t\t\t\t\t<div class=\"elementor-element elementor-element-2663d5c elementor-widget elementor-widget-image\" data-id=\"2663d5c\" data-element_type=\"widget\" data-widget_type=\"image.default\">\n\t\t\t\t<div class=\"elementor-widget-container\">\n\t\t\t<style>\/*! elementor - v3.18.0 - 20-12-2023 *\/\n.elementor-widget-image{text-align:center}.elementor-widget-image a{display:inline-block}.elementor-widget-image a img[src$=\".svg\"]{width:48px}.elementor-widget-image img{vertical-align:middle;display:inline-block}<\/style>\t\t\t\t\t\t\t\t\t\t\t\t\t<a href=\"https:\/\/rapidpuigcerda.com\/ca\/servicio-reparacion-de-calzado\/\">\n\t\t\t\t\t\t\t<img fetchpriority=\"high\" decoding=\"async\" width=\"512\" height=\"512\" src=\"https:\/\/rapidpuigcerda.com\/wp-content\/uploads\/2023\/12\/1642593232-0-0.png\" class=\"attachment-large size-large wp-image-285\" alt=\"REPARACI\u00d3N DE CALZADO\" srcset=\"https:\/\/rapidpuigcerda.com\/wp-content\/uploads\/2023\/12\/1642593232-0-0.png 512w, https:\/\/rapidpuigcerda.com\/wp-content\/uploads\/2023\/12\/1642593232-0-0-300x300.png 300w, https:\/\/rapidpuigcerda.com\/wp-content\/uploads\/2023\/12\/1642593232-0-0-150x150.png 150w\" sizes=\"(max-width: 512px) 100vw, 512px\" \/>\t\t\t\t\t\t\t\t<\/a>\n\t\t\t\t\t\t\t\t\t\t\t\t\t\t\t<\/div>\n\t\t\t\t<\/div>\n\t\t\t\t<div class=\"elementor-element elementor-element-6f586c9 elementor-widget elementor-widget-heading\" data-id=\"6f586c9\" data-element_type=\"widget\" data-widget_type=\"heading.default\">\n\t\t\t\t<div class=\"elementor-widget-container\">\n\t\t\t<h2 class=\"elementor-heading-title elementor-size-default\"><a href=\"https:\/\/rapidpuigcerda.com\/ca\/servicio-reparacion-de-calzado\/\">REPARACI\u00d3 DE CAL\u00c7AT<\/a><\/h2>\t\t<\/div>\n\t\t\t\t<\/div>\n\t\t\t\t<div class=\"elementor-element elementor-element-f3da237 elementor-widget elementor-widget-text-editor\" data-id=\"f3da237\" data-element_type=\"widget\" data-widget_type=\"text-editor.default\">\n\t\t\t\t<div class=\"elementor-widget-container\">\n\t\t\t\t\t\t\t<div class=\"col-12 col-md-4 col-lg-3\"><div class=\"categoria-nom\"><div class=\"row margin-bottom-15\"><div class=\"col-12 col-md-8 col-lg-9 margin-bottom-15\">Al R\u00e0pid reparem i renovem tot tipus de cla\u00e7at<\/div><\/div><\/div><\/div>\t\t\t\t\t\t<\/div>\n\t\t\t\t<\/div>\n\t\t\t\t\t<\/div>\n\t\t<\/div>\n\t\t\t\t<div class=\"elementor-column elementor-col-25 elementor-top-column elementor-element elementor-element-e4da9cf\" data-id=\"e4da9cf\" data-element_type=\"column\">\n\t\t\t<div class=\"elementor-widget-wrap elementor-element-populated\">\n\t\t\t\t\t\t\t\t<div class=\"elementor-element elementor-element-a2c78b6 elementor-widget elementor-widget-image\" data-id=\"a2c78b6\" data-element_type=\"widget\" data-widget_type=\"image.default\">\n\t\t\t\t<div class=\"elementor-widget-container\">\n\t\t\t\t\t\t\t\t\t\t\t\t\t\t\t\t<a href=\"https:\/\/rapidpuigcerda.com\/ca\/servicio-venta-de-productos-y-accesorios\/\">\n\t\t\t\t\t\t\t<img decoding=\"async\" width=\"512\" height=\"512\" src=\"https:\/\/rapidpuigcerda.com\/wp-content\/uploads\/2023\/12\/1642593257-0-0.png\" class=\"attachment-large size-large wp-image-286\" alt=\"VENTA DE PRODUCTOS Y ACCESORIOS\" srcset=\"https:\/\/rapidpuigcerda.com\/wp-content\/uploads\/2023\/12\/1642593257-0-0.png 512w, https:\/\/rapidpuigcerda.com\/wp-content\/uploads\/2023\/12\/1642593257-0-0-300x300.png 300w, https:\/\/rapidpuigcerda.com\/wp-content\/uploads\/2023\/12\/1642593257-0-0-150x150.png 150w\" sizes=\"(max-width: 512px) 100vw, 512px\" \/>\t\t\t\t\t\t\t\t<\/a>\n\t\t\t\t\t\t\t\t\t\t\t\t\t\t\t<\/div>\n\t\t\t\t<\/div>\n\t\t\t\t<div class=\"elementor-element elementor-element-12f4c8a elementor-widget elementor-widget-heading\" data-id=\"12f4c8a\" data-element_type=\"widget\" data-widget_type=\"heading.default\">\n\t\t\t\t<div class=\"elementor-widget-container\">\n\t\t\t<h2 class=\"elementor-heading-title elementor-size-default\"><a href=\"https:\/\/rapidpuigcerda.com\/ca\/servicio-venta-de-productos-y-accesorios\/\">VENDA DE PRODUCTES I ACCESSORIS<\/a><\/h2>\t\t<\/div>\n\t\t\t\t<\/div>\n\t\t\t\t<div class=\"elementor-element elementor-element-9918365 elementor-widget elementor-widget-text-editor\" data-id=\"9918365\" data-element_type=\"widget\" data-widget_type=\"text-editor.default\">\n\t\t\t\t<div class=\"elementor-widget-container\">\n\t\t\t\t\t\t\t<div class=\"col-12 col-md-4 col-lg-3\"><div class=\"categoria-nom\"><div class=\"row margin-bottom-15\"><div class=\"col-12 col-md-8 col-lg-9 margin-bottom-15\">T'oferim una amplia gamma de productes i accessoris per a la cura del teu cal\u00e7at.<\/div><\/div><\/div><\/div>\t\t\t\t\t\t<\/div>\n\t\t\t\t<\/div>\n\t\t\t\t\t<\/div>\n\t\t<\/div>\n\t\t\t\t<div class=\"elementor-column elementor-col-25 elementor-top-column elementor-element elementor-element-c43fa69\" data-id=\"c43fa69\" data-element_type=\"column\">\n\t\t\t<div class=\"elementor-widget-wrap\">\n\t\t\t\t\t\t\t\t\t<\/div>\n\t\t<\/div>\n\t\t\t\t<div class=\"elementor-column elementor-col-25 elementor-top-column elementor-element elementor-element-f322477\" data-id=\"f322477\" data-element_type=\"column\">\n\t\t\t<div class=\"elementor-widget-wrap\">\n\t\t\t\t\t\t\t\t\t<\/div>\n\t\t<\/div>\n\t\t\t\t\t\t\t<\/div>\n\t\t<\/section>\n\t\t\t\t\t\t\t<\/div>","protected":false},"excerpt":{"rendered":"<p>SERVICIO de CALZADO Reparamos todo tipo de calzado y disponemos de una amplia gama de productos para su cuidado y conservaci\u00f3n. REPARACI\u00d3N DE CALZADO En El R\u00e0pid reparamos y renovamos todo tipo de calzado. VENTA DE PRODUCTOS Y ACCESORIOS Te ofrecemos una amplia gama de productos y accesorios para el cuidado de tu calzado.<\/p>","protected":false},"author":1,"featured_media":0,"parent":0,"menu_order":0,"comment_status":"closed","ping_status":"closed","template":"","meta":{"footnotes":""},"class_list":["post-280","page","type-page","status-publish","hentry"],"aioseo_notices":[],"_links":{"self":[{"href":"https:\/\/rapidpuigcerda.com\/ca\/wp-json\/wp\/v2\/pages\/280","targetHints":{"allow":["GET"]}}],"collection":[{"href":"https:\/\/rapidpuigcerda.com\/ca\/wp-json\/wp\/v2\/pages"}],"about":[{"href":"https:\/\/rapidpuigcerda.com\/ca\/wp-json\/wp\/v2\/types\/page"}],"author":[{"embeddable":true,"href":"https:\/\/rapidpuigcerda.com\/ca\/wp-json\/wp\/v2\/users\/1"}],"replies":[{"embeddable":true,"href":"https:\/\/rapidpuigcerda.com\/ca\/wp-json\/wp\/v2\/comments?post=280"}],"version-history":[{"count":10,"href":"https:\/\/rapidpuigcerda.com\/ca\/wp-json\/wp\/v2\/pages\/280\/revisions"}],"predecessor-version":[{"id":625,"href":"https:\/\/rapidpuigcerda.com\/ca\/wp-json\/wp\/v2\/pages\/280\/revisions\/625"}],"wp:attachment":[{"href":"https:\/\/rapidpuigcerda.com\/ca\/wp-json\/wp\/v2\/media?parent=280"}],"curies":[{"name":"wp","href":"https:\/\/api.w.org\/{rel}","templated":true}]}}