{"id":221,"date":"2023-12-13T22:59:57","date_gmt":"2023-12-13T21:59:57","guid":{"rendered":"https:\/\/rapidpuigcerda.com\/?page_id=221"},"modified":"2023-12-15T00:21:20","modified_gmt":"2023-12-14T23:21:20","slug":"servicio-cerrajeria","status":"publish","type":"page","link":"https:\/\/rapidpuigcerda.com\/ca\/servicio-cerrajeria\/","title":{"rendered":"Servicio Cerrajer\u00eda"},"content":{"rendered":"<div data-elementor-type=\"wp-page\" data-elementor-id=\"221\" class=\"elementor elementor-221\" data-elementor-post-type=\"page\">\n\t\t\t\t\t\t\t\t\t<section class=\"elementor-section elementor-top-section elementor-element elementor-element-6b5cd08 elementor-section-boxed elementor-section-height-default elementor-section-height-default\" data-id=\"6b5cd08\" data-element_type=\"section\">\n\t\t\t\t\t\t<div class=\"elementor-container elementor-column-gap-no\">\n\t\t\t\t\t<div class=\"elementor-column elementor-col-100 elementor-top-column elementor-element elementor-element-4a8d678\" data-id=\"4a8d678\" data-element_type=\"column\">\n\t\t\t<div class=\"elementor-widget-wrap elementor-element-populated\">\n\t\t\t\t\t\t\t\t<section class=\"elementor-section elementor-inner-section elementor-element elementor-element-930336c elementor-section-boxed elementor-section-height-default elementor-section-height-default\" data-id=\"930336c\" data-element_type=\"section\">\n\t\t\t\t\t\t<div class=\"elementor-container elementor-column-gap-default\">\n\t\t\t\t\t<div class=\"elementor-column elementor-col-50 elementor-inner-column elementor-element elementor-element-a02ee58\" data-id=\"a02ee58\" data-element_type=\"column\">\n\t\t\t<div class=\"elementor-widget-wrap elementor-element-populated\">\n\t\t\t\t\t\t\t\t<div class=\"elementor-element elementor-element-55f6ac0 elementor-widget elementor-widget-heading\" data-id=\"55f6ac0\" data-element_type=\"widget\" data-widget_type=\"heading.default\">\n\t\t\t\t<div class=\"elementor-widget-container\">\n\t\t\t<style>\/*! elementor - v3.18.0 - 20-12-2023 *\/\n.elementor-heading-title{padding:0;margin:0;line-height:1}.elementor-widget-heading .elementor-heading-title[class*=elementor-size-]>a{color:inherit;font-size:inherit;line-height:inherit}.elementor-widget-heading .elementor-heading-title.elementor-size-small{font-size:15px}.elementor-widget-heading .elementor-heading-title.elementor-size-medium{font-size:19px}.elementor-widget-heading .elementor-heading-title.elementor-size-large{font-size:29px}.elementor-widget-heading .elementor-heading-title.elementor-size-xl{font-size:39px}.elementor-widget-heading .elementor-heading-title.elementor-size-xxl{font-size:59px}<\/style><h2 class=\"elementor-heading-title elementor-size-default\">SERVEI de<\/h2>\t\t<\/div>\n\t\t\t\t<\/div>\n\t\t\t\t<div class=\"elementor-element elementor-element-4eb3ca0 elementor-widget elementor-widget-heading\" data-id=\"4eb3ca0\" data-element_type=\"widget\" data-widget_type=\"heading.default\">\n\t\t\t\t<div class=\"elementor-widget-container\">\n\t\t\t<h2 class=\"elementor-heading-title elementor-size-default\">SERRALLERIA<\/h2>\t\t<\/div>\n\t\t\t\t<\/div>\n\t\t\t\t\t<\/div>\n\t\t<\/div>\n\t\t\t\t<div class=\"elementor-column elementor-col-50 elementor-inner-column elementor-element elementor-element-a67003b\" data-id=\"a67003b\" data-element_type=\"column\">\n\t\t\t<div class=\"elementor-widget-wrap elementor-element-populated\">\n\t\t\t\t\t\t\t\t<div class=\"elementor-element elementor-element-7626cf9 elementor-widget elementor-widget-text-editor\" data-id=\"7626cf9\" data-element_type=\"widget\" data-widget_type=\"text-editor.default\">\n\t\t\t\t<div class=\"elementor-widget-container\">\n\t\t\t<style>\/*! elementor - v3.18.0 - 20-12-2023 *\/\n.elementor-widget-text-editor.elementor-drop-cap-view-stacked .elementor-drop-cap{background-color:#69727d;color:#fff}.elementor-widget-text-editor.elementor-drop-cap-view-framed .elementor-drop-cap{color:#69727d;border:3px solid;background-color:transparent}.elementor-widget-text-editor:not(.elementor-drop-cap-view-default) .elementor-drop-cap{margin-top:8px}.elementor-widget-text-editor:not(.elementor-drop-cap-view-default) .elementor-drop-cap-letter{width:1em;height:1em}.elementor-widget-text-editor .elementor-drop-cap{float:left;text-align:center;line-height:1;font-size:50px}.elementor-widget-text-editor .elementor-drop-cap-letter{display:inline-block}<\/style>\t\t\t\t<div class=\"col-12 col-md-4 col-lg-3\"><div class=\"categoria-nom\"><div class=\"row margin-bottom-15\"><div class=\"col-12 col-md-8 col-lg-9 margin-bottom-15\">Ens preocupem per la teva seguretat i et roporcionem serveis de serralleria per a qualsevol necessitat.<\/div><\/div><\/div><\/div>\t\t\t\t\t\t<\/div>\n\t\t\t\t<\/div>\n\t\t\t\t\t<\/div>\n\t\t<\/div>\n\t\t\t\t\t\t\t<\/div>\n\t\t<\/section>\n\t\t\t\t\t<\/div>\n\t\t<\/div>\n\t\t\t\t\t\t\t<\/div>\n\t\t<\/section>\n\t\t\t\t<section class=\"elementor-section elementor-top-section elementor-element elementor-element-0f8e3e7 elementor-section-boxed elementor-section-height-default elementor-section-height-default\" data-id=\"0f8e3e7\" data-element_type=\"section\">\n\t\t\t\t\t\t<div class=\"elementor-container elementor-column-gap-default\">\n\t\t\t\t\t<div class=\"elementor-column elementor-col-25 elementor-top-column elementor-element elementor-element-7f20b8c\" data-id=\"7f20b8c\" data-element_type=\"column\">\n\t\t\t<div class=\"elementor-widget-wrap elementor-element-populated\">\n\t\t\t\t\t\t\t\t<div class=\"elementor-element elementor-element-cad668a elementor-widget elementor-widget-image\" data-id=\"cad668a\" data-element_type=\"widget\" data-widget_type=\"image.default\">\n\t\t\t\t<div class=\"elementor-widget-container\">\n\t\t\t<style>\/*! elementor - v3.18.0 - 20-12-2023 *\/\n.elementor-widget-image{text-align:center}.elementor-widget-image a{display:inline-block}.elementor-widget-image a img[src$=\".svg\"]{width:48px}.elementor-widget-image img{vertical-align:middle;display:inline-block}<\/style>\t\t\t\t\t\t\t\t\t\t\t\t\t<a href=\"https:\/\/rapidpuigcerda.com\/ca\/servicio-cerrajeria-de-urgencia\/\">\n\t\t\t\t\t\t\t<img fetchpriority=\"high\" decoding=\"async\" width=\"512\" height=\"512\" src=\"https:\/\/rapidpuigcerda.com\/wp-content\/uploads\/2023\/12\/1642591638-0-0.png\" class=\"attachment-large size-large wp-image-229\" alt=\"CERRAJER\u00cdA DE URGENCIA\" srcset=\"https:\/\/rapidpuigcerda.com\/wp-content\/uploads\/2023\/12\/1642591638-0-0.png 512w, https:\/\/rapidpuigcerda.com\/wp-content\/uploads\/2023\/12\/1642591638-0-0-300x300.png 300w, https:\/\/rapidpuigcerda.com\/wp-content\/uploads\/2023\/12\/1642591638-0-0-150x150.png 150w\" sizes=\"(max-width: 512px) 100vw, 512px\" \/>\t\t\t\t\t\t\t\t<\/a>\n\t\t\t\t\t\t\t\t\t\t\t\t\t\t\t<\/div>\n\t\t\t\t<\/div>\n\t\t\t\t<div class=\"elementor-element elementor-element-bce1e3c elementor-widget elementor-widget-heading\" data-id=\"bce1e3c\" data-element_type=\"widget\" data-widget_type=\"heading.default\">\n\t\t\t\t<div class=\"elementor-widget-container\">\n\t\t\t<h2 class=\"elementor-heading-title elementor-size-default\"><a href=\"https:\/\/rapidpuigcerda.com\/ca\/servicio-cerrajeria-de-urgencia\/\">SERRALLERIA D'URG\u00c8NCIA<\/a><\/h2>\t\t<\/div>\n\t\t\t\t<\/div>\n\t\t\t\t<div class=\"elementor-element elementor-element-f6679fd elementor-widget elementor-widget-text-editor\" data-id=\"f6679fd\" data-element_type=\"widget\" data-widget_type=\"text-editor.default\">\n\t\t\t\t<div class=\"elementor-widget-container\">\n\t\t\t\t\t\t\t<div class=\"col-12 col-md-4 col-lg-3\"><div class=\"categoria-nom\"><div class=\"row margin-bottom-15\"><div class=\"col-12 col-md-8 col-lg-9 margin-bottom-15\">Servei d'urg\u00e8ncia 24h a la comarca de la Cerdanya<\/div><\/div><\/div><\/div>\t\t\t\t\t\t<\/div>\n\t\t\t\t<\/div>\n\t\t\t\t\t<\/div>\n\t\t<\/div>\n\t\t\t\t<div class=\"elementor-column elementor-col-25 elementor-top-column elementor-element elementor-element-cc7083d\" data-id=\"cc7083d\" data-element_type=\"column\">\n\t\t\t<div class=\"elementor-widget-wrap elementor-element-populated\">\n\t\t\t\t\t\t\t\t<div class=\"elementor-element elementor-element-fe03f68 elementor-widget elementor-widget-image\" data-id=\"fe03f68\" data-element_type=\"widget\" data-widget_type=\"image.default\">\n\t\t\t\t<div class=\"elementor-widget-container\">\n\t\t\t\t\t\t\t\t\t\t\t\t\t\t\t\t<a href=\"https:\/\/rapidpuigcerda.com\/ca\/servicio-cerrajeria-domestica\/\">\n\t\t\t\t\t\t\t<img decoding=\"async\" width=\"512\" height=\"512\" src=\"https:\/\/rapidpuigcerda.com\/wp-content\/uploads\/2023\/12\/1642591657-0-0.png\" class=\"attachment-large size-large wp-image-230\" alt=\"CERRAJER\u00cdA DOM\u00c9STICA\" srcset=\"https:\/\/rapidpuigcerda.com\/wp-content\/uploads\/2023\/12\/1642591657-0-0.png 512w, https:\/\/rapidpuigcerda.com\/wp-content\/uploads\/2023\/12\/1642591657-0-0-300x300.png 300w, https:\/\/rapidpuigcerda.com\/wp-content\/uploads\/2023\/12\/1642591657-0-0-150x150.png 150w\" sizes=\"(max-width: 512px) 100vw, 512px\" \/>\t\t\t\t\t\t\t\t<\/a>\n\t\t\t\t\t\t\t\t\t\t\t\t\t\t\t<\/div>\n\t\t\t\t<\/div>\n\t\t\t\t<div class=\"elementor-element elementor-element-a9140f4 elementor-widget elementor-widget-heading\" data-id=\"a9140f4\" data-element_type=\"widget\" data-widget_type=\"heading.default\">\n\t\t\t\t<div class=\"elementor-widget-container\">\n\t\t\t<h2 class=\"elementor-heading-title elementor-size-default\"><a href=\"https:\/\/rapidpuigcerda.com\/ca\/servicio-cerrajeria-domestica\/\">SERRALLERIA DOM\u00c8STICA<\/a><\/h2>\t\t<\/div>\n\t\t\t\t<\/div>\n\t\t\t\t<div class=\"elementor-element elementor-element-c1b1af3 elementor-widget elementor-widget-text-editor\" data-id=\"c1b1af3\" data-element_type=\"widget\" data-widget_type=\"text-editor.default\">\n\t\t\t\t<div class=\"elementor-widget-container\">\n\t\t\t\t\t\t\t<div class=\"col-12 col-md-4 col-lg-3\"><div class=\"categoria-nom\"><div class=\"row margin-bottom-15\"><div class=\"col-12 col-md-8 col-lg-9 margin-bottom-15\">Disposem de tot tipus de panys i solucions diverses per cada porta o necessitat.<\/div><\/div><\/div><\/div>\t\t\t\t\t\t<\/div>\n\t\t\t\t<\/div>\n\t\t\t\t\t<\/div>\n\t\t<\/div>\n\t\t\t\t<div class=\"elementor-column elementor-col-25 elementor-top-column elementor-element elementor-element-e5f52b9\" data-id=\"e5f52b9\" data-element_type=\"column\">\n\t\t\t<div class=\"elementor-widget-wrap elementor-element-populated\">\n\t\t\t\t\t\t\t\t<div class=\"elementor-element elementor-element-47210af elementor-widget elementor-widget-image\" data-id=\"47210af\" data-element_type=\"widget\" data-widget_type=\"image.default\">\n\t\t\t\t<div class=\"elementor-widget-container\">\n\t\t\t\t\t\t\t\t\t\t\t\t\t\t\t\t<a href=\"https:\/\/rapidpuigcerda.com\/ca\/servicio-cerrajeria-de-automocion\/\">\n\t\t\t\t\t\t\t<img decoding=\"async\" width=\"512\" height=\"512\" src=\"https:\/\/rapidpuigcerda.com\/wp-content\/uploads\/2023\/12\/1642591914-0-0.png\" class=\"attachment-large size-large wp-image-231\" alt=\"CERRAJER\u00cdA DE AUTOMOCI\u00d3N\" srcset=\"https:\/\/rapidpuigcerda.com\/wp-content\/uploads\/2023\/12\/1642591914-0-0.png 512w, https:\/\/rapidpuigcerda.com\/wp-content\/uploads\/2023\/12\/1642591914-0-0-300x300.png 300w, https:\/\/rapidpuigcerda.com\/wp-content\/uploads\/2023\/12\/1642591914-0-0-150x150.png 150w\" sizes=\"(max-width: 512px) 100vw, 512px\" \/>\t\t\t\t\t\t\t\t<\/a>\n\t\t\t\t\t\t\t\t\t\t\t\t\t\t\t<\/div>\n\t\t\t\t<\/div>\n\t\t\t\t<div class=\"elementor-element elementor-element-5743b9b elementor-widget elementor-widget-heading\" data-id=\"5743b9b\" data-element_type=\"widget\" data-widget_type=\"heading.default\">\n\t\t\t\t<div class=\"elementor-widget-container\">\n\t\t\t<h2 class=\"elementor-heading-title elementor-size-default\"><a href=\"https:\/\/rapidpuigcerda.com\/ca\/servicio-cerrajeria-de-automocion\/\">SERRALLERIA D'AUTOMOCI\u00d3<\/a><\/h2>\t\t<\/div>\n\t\t\t\t<\/div>\n\t\t\t\t<div class=\"elementor-element elementor-element-6988cff elementor-widget elementor-widget-text-editor\" data-id=\"6988cff\" data-element_type=\"widget\" data-widget_type=\"text-editor.default\">\n\t\t\t\t<div class=\"elementor-widget-container\">\n\t\t\t\t\t\t\t<div class=\"col-12 col-md-4 col-lg-3\"><div class=\"categoria-nom\"><div class=\"row margin-bottom-15\"><div class=\"col-12 col-md-8 col-lg-9 margin-bottom-15\">Som especialistes en panys i claus de vehicles<\/div><\/div><\/div><\/div>\t\t\t\t\t\t<\/div>\n\t\t\t\t<\/div>\n\t\t\t\t\t<\/div>\n\t\t<\/div>\n\t\t\t\t<div class=\"elementor-column elementor-col-25 elementor-top-column elementor-element elementor-element-f7c25e8\" data-id=\"f7c25e8\" data-element_type=\"column\">\n\t\t\t<div class=\"elementor-widget-wrap elementor-element-populated\">\n\t\t\t\t\t\t\t\t<div class=\"elementor-element elementor-element-0f0d667 elementor-widget elementor-widget-image\" data-id=\"0f0d667\" data-element_type=\"widget\" data-widget_type=\"image.default\">\n\t\t\t\t<div class=\"elementor-widget-container\">\n\t\t\t\t\t\t\t\t\t\t\t\t\t\t\t\t<a href=\"https:\/\/rapidpuigcerda.com\/ca\/servicio-instalacion-de-puertas-acorazadas\/\">\n\t\t\t\t\t\t\t<img loading=\"lazy\" decoding=\"async\" width=\"512\" height=\"512\" src=\"https:\/\/rapidpuigcerda.com\/wp-content\/uploads\/2023\/12\/1642592027-0-0.png\" class=\"attachment-large size-large wp-image-232\" alt=\"INSTALACI\u00d3N DE PUERTAS ACORAZADAS\" srcset=\"https:\/\/rapidpuigcerda.com\/wp-content\/uploads\/2023\/12\/1642592027-0-0.png 512w, https:\/\/rapidpuigcerda.com\/wp-content\/uploads\/2023\/12\/1642592027-0-0-300x300.png 300w, https:\/\/rapidpuigcerda.com\/wp-content\/uploads\/2023\/12\/1642592027-0-0-150x150.png 150w\" sizes=\"(max-width: 512px) 100vw, 512px\" \/>\t\t\t\t\t\t\t\t<\/a>\n\t\t\t\t\t\t\t\t\t\t\t\t\t\t\t<\/div>\n\t\t\t\t<\/div>\n\t\t\t\t<div class=\"elementor-element elementor-element-342aef5 elementor-widget elementor-widget-heading\" data-id=\"342aef5\" data-element_type=\"widget\" data-widget_type=\"heading.default\">\n\t\t\t\t<div class=\"elementor-widget-container\">\n\t\t\t<h2 class=\"elementor-heading-title elementor-size-default\"><a href=\"https:\/\/rapidpuigcerda.com\/ca\/servicio-instalacion-de-puertas-acorazadas\/\">INSTAL\u00b7LACI\u00d3 DE PORTES CUIRASSADES<\/a><\/h2>\t\t<\/div>\n\t\t\t\t<\/div>\n\t\t\t\t<div class=\"elementor-element elementor-element-54c5e52 elementor-widget elementor-widget-text-editor\" data-id=\"54c5e52\" data-element_type=\"widget\" data-widget_type=\"text-editor.default\">\n\t\t\t\t<div class=\"elementor-widget-container\">\n\t\t\t\t\t\t\t<div class=\"col-12 col-md-4 col-lg-3\"><div class=\"categoria-nom\"><div class=\"row margin-bottom-15\"><div class=\"col-12 col-md-8 col-lg-9 margin-bottom-15\">Protegeix la teva llar amb una porta cuirassada certificada<\/div><\/div><\/div><\/div>\t\t\t\t\t\t<\/div>\n\t\t\t\t<\/div>\n\t\t\t\t\t<\/div>\n\t\t<\/div>\n\t\t\t\t\t\t\t<\/div>\n\t\t<\/section>\n\t\t\t\t\t\t\t<\/div>","protected":false},"excerpt":{"rendered":"<p>SERVICIO de CERRAJER\u00cdA Nos preocupamos por tu seguridad y te proporcionamos servicios de cerrajer\u00eda para cualquier necesidad. CERRAJER\u00cdA DE URGENCIA Servicio de urgencia 24h en la comarca de la Cerdanya CERRAJER\u00cdA DOM\u00c9STICA Disponemos de todo tipo de cerraduras y soluciones diversas para cada tipo de puerta o necesidad. CERRAJER\u00cdA DE AUTOMOCI\u00d3N Somos especialistas en cerraduras [&hellip;]<\/p>","protected":false},"author":1,"featured_media":0,"parent":0,"menu_order":0,"comment_status":"closed","ping_status":"closed","template":"","meta":{"footnotes":""},"class_list":["post-221","page","type-page","status-publish","hentry"],"aioseo_notices":[],"_links":{"self":[{"href":"https:\/\/rapidpuigcerda.com\/ca\/wp-json\/wp\/v2\/pages\/221","targetHints":{"allow":["GET"]}}],"collection":[{"href":"https:\/\/rapidpuigcerda.com\/ca\/wp-json\/wp\/v2\/pages"}],"about":[{"href":"https:\/\/rapidpuigcerda.com\/ca\/wp-json\/wp\/v2\/types\/page"}],"author":[{"embeddable":true,"href":"https:\/\/rapidpuigcerda.com\/ca\/wp-json\/wp\/v2\/users\/1"}],"replies":[{"embeddable":true,"href":"https:\/\/rapidpuigcerda.com\/ca\/wp-json\/wp\/v2\/comments?post=221"}],"version-history":[{"count":55,"href":"https:\/\/rapidpuigcerda.com\/ca\/wp-json\/wp\/v2\/pages\/221\/revisions"}],"predecessor-version":[{"id":662,"href":"https:\/\/rapidpuigcerda.com\/ca\/wp-json\/wp\/v2\/pages\/221\/revisions\/662"}],"wp:attachment":[{"href":"https:\/\/rapidpuigcerda.com\/ca\/wp-json\/wp\/v2\/media?parent=221"}],"curies":[{"name":"wp","href":"https:\/\/api.w.org\/{rel}","templated":true}]}}